{"id":4379,"date":"2018-12-14T15:22:36","date_gmt":"2018-12-14T14:22:36","guid":{"rendered":"http:\/\/www.auxsons.com\/les-medias-a-suivre\/"},"modified":"2019-09-23T18:34:10","modified_gmt":"2019-09-23T16:34:10","slug":"les-medias-a-suivre","status":"publish","type":"page","link":"https:\/\/www.auxsons.com\/en\/les-medias-a-suivre\/","title":{"rendered":"Les M\u00e9dias \u00e0 suivre"},"content":{"rendered":"<a href=\"http:\/\/pan-african-music.com\/\" target=\"_blank\" rel=\"noopener noreferrer\"><img decoding=\"async\" class=\"alignnone wp-image-930 lazyload\" data-src=\"https:\/\/auxsons.com\/wp-content\/uploads\/2019\/01\/pam-300x300.jpg\" alt width=\"99\" height=\"99\" data-srcset=\"https:\/\/www.auxsons.com\/wp-content\/uploads\/2019\/01\/pam-300x300.jpg 300w, https:\/\/www.auxsons.com\/wp-content\/uploads\/2019\/01\/pam-150x150.jpg 150w, https:\/\/www.auxsons.com\/wp-content\/uploads\/2019\/01\/pam-350x350.jpg 350w, https:\/\/www.auxsons.com\/wp-content\/uploads\/2019\/01\/pam.jpg 400w\" data-sizes=\"(max-width: 99px) 100vw, 99px\" src=\"data:image\/svg+xml;base64,PHN2ZyB3aWR0aD0iMSIgaGVpZ2h0PSIxIiB4bWxucz0iaHR0cDovL3d3dy53My5vcmcvMjAwMC9zdmciPjwvc3ZnPg==\" style=\"--smush-placeholder-width: 99px; --smush-placeholder-aspect-ratio: 99\/99;\"><\/a><a href=\"https:\/\/musique.rfi.fr\/\" target=\"_blank\" rel=\"noopener noreferrer\"><img decoding=\"async\" class=\"alignnone wp-image-731 lazyload\" data-src=\"https:\/\/auxsons.com\/wp-content\/uploads\/2019\/01\/logo200.jpg\" alt width=\"108\" height=\"108\" data-srcset=\"https:\/\/www.auxsons.com\/wp-content\/uploads\/2019\/01\/logo200.jpg 200w, https:\/\/www.auxsons.com\/wp-content\/uploads\/2019\/01\/logo200-150x150.jpg 150w\" data-sizes=\"(max-width: 108px) 100vw, 108px\" src=\"data:image\/svg+xml;base64,PHN2ZyB3aWR0aD0iMSIgaGVpZ2h0PSIxIiB4bWxucz0iaHR0cDovL3d3dy53My5vcmcvMjAwMC9zdmciPjwvc3ZnPg==\" style=\"--smush-placeholder-width: 108px; --smush-placeholder-aspect-ratio: 108\/108;\"><\/a> <a href=\"https:\/\/www.le-grigri.com\/\" target=\"_blank\" rel=\"noopener noreferrer\"><img decoding=\"async\" class=\"alignnone wp-image-1370 lazyload\" data-src=\"http:\/\/www.auxsons.com\/wp-content\/uploads\/2019\/02\/grigri-barbapapa-300x292.jpg\" alt width=\"106\" height=\"103\" data-srcset=\"https:\/\/www.auxsons.com\/wp-content\/uploads\/2019\/02\/grigri-barbapapa-300x292.jpg 300w, https:\/\/www.auxsons.com\/wp-content\/uploads\/2019\/02\/grigri-barbapapa-768x747.jpg 768w, https:\/\/www.auxsons.com\/wp-content\/uploads\/2019\/02\/grigri-barbapapa-1024x996.jpg 1024w, https:\/\/www.auxsons.com\/wp-content\/uploads\/2019\/02\/grigri-barbapapa.jpg 1500w\" data-sizes=\"(max-width: 106px) 100vw, 106px\" src=\"data:image\/svg+xml;base64,PHN2ZyB3aWR0aD0iMSIgaGVpZ2h0PSIxIiB4bWxucz0iaHR0cDovL3d3dy53My5vcmcvMjAwMC9zdmciPjwvc3ZnPg==\" style=\"--smush-placeholder-width: 106px; --smush-placeholder-aspect-ratio: 106\/103;\"><\/a> &nbsp;&nbsp; <a href=\"https:\/\/www.lemellotron.com\/\" target=\"_blank\" rel=\"noopener noreferrer\"><img decoding=\"async\" class=\"alignnone wp-image-935 lazyload\" data-src=\"https:\/\/auxsons.com\/wp-content\/uploads\/2019\/01\/mellotron-300x158.jpg\" alt width=\"163\" height=\"86\" data-srcset=\"https:\/\/www.auxsons.com\/wp-content\/uploads\/2019\/01\/mellotron-300x158.jpg 300w, https:\/\/www.auxsons.com\/wp-content\/uploads\/2019\/01\/mellotron-768x403.jpg 768w, https:\/\/www.auxsons.com\/wp-content\/uploads\/2019\/01\/mellotron-1024x538.jpg 1024w, https:\/\/www.auxsons.com\/wp-content\/uploads\/2019\/01\/mellotron.jpg 1200w\" data-sizes=\"(max-width: 163px) 100vw, 163px\" src=\"data:image\/svg+xml;base64,PHN2ZyB3aWR0aD0iMSIgaGVpZ2h0PSIxIiB4bWxucz0iaHR0cDovL3d3dy53My5vcmcvMjAwMC9zdmciPjwvc3ZnPg==\" style=\"--smush-placeholder-width: 163px; --smush-placeholder-aspect-ratio: 163\/86;\"><\/a> &nbsp;<a href=\"http:\/\/www.afrisson.com\/\" target=\"_blank\" rel=\"noopener noreferrer\"><img decoding=\"async\" class=\"alignnone wp-image-936 lazyload\" data-src=\"https:\/\/auxsons.com\/wp-content\/uploads\/2019\/01\/afrisson.jpeg\" alt width=\"99\" height=\"99\" data-srcset=\"https:\/\/www.auxsons.com\/wp-content\/uploads\/2019\/01\/afrisson.jpeg 225w, https:\/\/www.auxsons.com\/wp-content\/uploads\/2019\/01\/afrisson-150x150.jpeg 150w\" data-sizes=\"(max-width: 99px) 100vw, 99px\" src=\"data:image\/svg+xml;base64,PHN2ZyB3aWR0aD0iMSIgaGVpZ2h0PSIxIiB4bWxucz0iaHR0cDovL3d3dy53My5vcmcvMjAwMC9zdmciPjwvc3ZnPg==\" style=\"--smush-placeholder-width: 99px; --smush-placeholder-aspect-ratio: 99\/99;\"><\/a> &nbsp;&nbsp;<a href=\"http:\/\/pan-african-music.com\/\" target=\"_blank\" rel=\"noopener noreferrer\"><img decoding=\"async\" class=\"wp-image-1662 alignnone lazyload\" data-src=\"http:\/\/www.auxsons.com\/wp-content\/uploads\/2019\/03\/francemusique-logo.png\" alt width=\"98\" height=\"98\" data-srcset=\"https:\/\/www.auxsons.com\/wp-content\/uploads\/2019\/03\/francemusique-logo.png 300w, https:\/\/www.auxsons.com\/wp-content\/uploads\/2019\/03\/francemusique-logo-150x150.png 150w\" data-sizes=\"(max-width: 98px) 100vw, 98px\" src=\"data:image\/svg+xml;base64,PHN2ZyB3aWR0aD0iMSIgaGVpZ2h0PSIxIiB4bWxucz0iaHR0cDovL3d3dy53My5vcmcvMjAwMC9zdmciPjwvc3ZnPg==\" style=\"--smush-placeholder-width: 98px; --smush-placeholder-aspect-ratio: 98\/98;\"><\/a>\n<a href=\"https:\/\/www.africavivre.com\/\" target=\"_blank\" rel=\"noopener noreferrer\"><img decoding=\"async\" class=\"alignnone size-full wp-image-2502 lazyload\" data-src=\"http:\/\/www.auxsons.com\/wp-content\/uploads\/2019\/04\/capture-decran-2019-04-18-a-21-32-18.png\" alt width=\"268\" height=\"107\" src=\"data:image\/svg+xml;base64,PHN2ZyB3aWR0aD0iMSIgaGVpZ2h0PSIxIiB4bWxucz0iaHR0cDovL3d3dy53My5vcmcvMjAwMC9zdmciPjwvc3ZnPg==\" style=\"--smush-placeholder-width: 268px; --smush-placeholder-aspect-ratio: 268\/107;\"><\/a> <a href=\"http:\/\/www.akhaba.com\/\" target=\"_blank\" rel=\"noopener noreferrer\"><img decoding=\"async\" class=\"alignnone wp-image-940 lazyload\" data-src=\"https:\/\/auxsons.com\/wp-content\/uploads\/2019\/01\/akhaba_zen_logo-300x72.jpg\" alt width=\"163\" height=\"39\" data-srcset=\"https:\/\/www.auxsons.com\/wp-content\/uploads\/2019\/01\/akhaba_zen_logo-300x72.jpg 300w, https:\/\/www.auxsons.com\/wp-content\/uploads\/2019\/01\/akhaba_zen_logo.jpg 383w\" data-sizes=\"(max-width: 163px) 100vw, 163px\" src=\"data:image\/svg+xml;base64,PHN2ZyB3aWR0aD0iMSIgaGVpZ2h0PSIxIiB4bWxucz0iaHR0cDovL3d3dy53My5vcmcvMjAwMC9zdmciPjwvc3ZnPg==\" style=\"--smush-placeholder-width: 163px; --smush-placeholder-aspect-ratio: 163\/39;\"><\/a>&nbsp;<a href=\"http:\/\/africultures.com\/\" target=\"_blank\" rel=\"noopener noreferrer\"><img decoding=\"async\" class=\"alignnone wp-image-942 lazyload\" data-src=\"https:\/\/auxsons.com\/wp-content\/uploads\/2019\/01\/africultures-300x45.jpeg\" alt width=\"213\" height=\"32\" data-srcset=\"https:\/\/www.auxsons.com\/wp-content\/uploads\/2019\/01\/africultures-300x45.jpeg 300w, https:\/\/www.auxsons.com\/wp-content\/uploads\/2019\/01\/africultures.jpeg 578w\" data-sizes=\"(max-width: 213px) 100vw, 213px\" src=\"data:image\/svg+xml;base64,PHN2ZyB3aWR0aD0iMSIgaGVpZ2h0PSIxIiB4bWxucz0iaHR0cDovL3d3dy53My5vcmcvMjAwMC9zdmciPjwvc3ZnPg==\" style=\"--smush-placeholder-width: 213px; --smush-placeholder-aspect-ratio: 213\/32;\"><\/a> &nbsp;<a href=\"https:\/\/www.5planetes.com\/\" target=\"_blank\" rel=\"noopener noreferrer\"><img decoding=\"async\" class=\"alignnone wp-image-1200 lazyload\" data-src=\"https:\/\/auxsons.com\/wp-content\/uploads\/2019\/02\/images-300x111.png\" alt width=\"144\" height=\"53\" data-srcset=\"https:\/\/www.auxsons.com\/wp-content\/uploads\/2019\/02\/images-300x111.png 300w, https:\/\/www.auxsons.com\/wp-content\/uploads\/2019\/02\/images.png 369w\" data-sizes=\"(max-width: 144px) 100vw, 144px\" src=\"data:image\/svg+xml;base64,PHN2ZyB3aWR0aD0iMSIgaGVpZ2h0PSIxIiB4bWxucz0iaHR0cDovL3d3dy53My5vcmcvMjAwMC9zdmciPjwvc3ZnPg==\" style=\"--smush-placeholder-width: 144px; --smush-placeholder-aspect-ratio: 144\/53;\"><\/a> &nbsp; .&nbsp; <a href=\"http:\/\/www.nova.fr\/\" target=\"_blank\" rel=\"noopener noreferrer\"><img decoding=\"async\" class=\"alignnone wp-image-1478 lazyload\" data-src=\"http:\/\/www.auxsons.com\/wp-content\/uploads\/2019\/02\/nova-300x96.jpg\" alt width=\"143\" height=\"46\" data-srcset=\"https:\/\/www.auxsons.com\/wp-content\/uploads\/2019\/02\/nova-300x96.jpg 300w, https:\/\/www.auxsons.com\/wp-content\/uploads\/2019\/02\/nova-768x247.jpg 768w, https:\/\/www.auxsons.com\/wp-content\/uploads\/2019\/02\/nova-1024x329.jpg 1024w, https:\/\/www.auxsons.com\/wp-content\/uploads\/2019\/02\/nova.jpg 1920w\" data-sizes=\"(max-width: 143px) 100vw, 143px\" src=\"data:image\/svg+xml;base64,PHN2ZyB3aWR0aD0iMSIgaGVpZ2h0PSIxIiB4bWxucz0iaHR0cDovL3d3dy53My5vcmcvMjAwMC9zdmciPjwvc3ZnPg==\" style=\"--smush-placeholder-width: 143px; --smush-placeholder-aspect-ratio: 143\/46;\"><\/a> . &nbsp;&nbsp;<a href=\"https:\/\/www.fip.fr\/\" target=\"_blank\" rel=\"noopener noreferrer\"><img decoding=\"async\" class=\"alignnone wp-image-1480 lazyload\" data-src=\"http:\/\/www.auxsons.com\/wp-content\/uploads\/2019\/02\/sans-titre205-300x300.jpg\" alt width=\"122\" height=\"122\" src=\"data:image\/svg+xml;base64,PHN2ZyB3aWR0aD0iMSIgaGVpZ2h0PSIxIiB4bWxucz0iaHR0cDovL3d3dy53My5vcmcvMjAwMC9zdmciPjwvc3ZnPg==\" style=\"--smush-placeholder-width: 122px; --smush-placeholder-aspect-ratio: 122\/122;\"> &nbsp;<\/a> <a href=\"https:\/\/www.lecargo.org\/spip\/\" target=\"_blank\" rel=\"noopener noreferrer\"><img decoding=\"async\" class=\"alignnone wp-image-1860 lazyload\" data-src=\"http:\/\/www.auxsons.com\/wp-content\/uploads\/2019\/03\/capture-decran-2019-03-14-a-18-28-53-300x79.png\" alt width=\"167\" height=\"44\" data-srcset=\"https:\/\/www.auxsons.com\/wp-content\/uploads\/2019\/03\/capture-decran-2019-03-14-a-18-28-53-300x79.png 300w, https:\/\/www.auxsons.com\/wp-content\/uploads\/2019\/03\/capture-decran-2019-03-14-a-18-28-53.png 767w\" data-sizes=\"(max-width: 167px) 100vw, 167px\" src=\"data:image\/svg+xml;base64,PHN2ZyB3aWR0aD0iMSIgaGVpZ2h0PSIxIiB4bWxucz0iaHR0cDovL3d3dy53My5vcmcvMjAwMC9zdmciPjwvc3ZnPg==\" style=\"--smush-placeholder-width: 167px; --smush-placeholder-aspect-ratio: 167\/44;\"><\/a> &nbsp;<a href=\"http:\/\/onorient.com\/\" target=\"_blank\" rel=\"noopener noreferrer\"><img decoding=\"async\" class=\"alignnone wp-image-932 lazyload\" data-src=\"https:\/\/auxsons.com\/wp-content\/uploads\/2019\/01\/onorient-logo-300x112.jpg\" alt width=\"169\" height=\"63\" data-srcset=\"https:\/\/www.auxsons.com\/wp-content\/uploads\/2019\/01\/onorient-logo-300x112.jpg 300w, https:\/\/www.auxsons.com\/wp-content\/uploads\/2019\/01\/onorient-logo.jpg 534w\" data-sizes=\"(max-width: 169px) 100vw, 169px\" src=\"data:image\/svg+xml;base64,PHN2ZyB3aWR0aD0iMSIgaGVpZ2h0PSIxIiB4bWxucz0iaHR0cDovL3d3dy53My5vcmcvMjAwMC9zdmciPjwvc3ZnPg==\" style=\"--smush-placeholder-width: 169px; --smush-placeholder-aspect-ratio: 169\/63;\"><\/a> &nbsp;<a href=\"https:\/\/www.musicinafrica.net\/fr\" target=\"_blank\" rel=\"noopener noreferrer\"><img decoding=\"async\" class=\"wp-image-928 alignnone lazyload\" data-src=\"https:\/\/auxsons.com\/wp-content\/uploads\/2019\/01\/mia-net-300x273.jpg\" alt width=\"136\" height=\"123\" data-srcset=\"https:\/\/www.auxsons.com\/wp-content\/uploads\/2019\/01\/mia-net-300x273.jpg 300w, https:\/\/www.auxsons.com\/wp-content\/uploads\/2019\/01\/mia-net.jpg 657w\" data-sizes=\"(max-width: 136px) 100vw, 136px\" src=\"data:image\/svg+xml;base64,PHN2ZyB3aWR0aD0iMSIgaGVpZ2h0PSIxIiB4bWxucz0iaHR0cDovL3d3dy53My5vcmcvMjAwMC9zdmciPjwvc3ZnPg==\" style=\"--smush-placeholder-width: 136px; --smush-placeholder-aspect-ratio: 136\/123;\"><\/a><a href=\"http:\/\/www.hittheroad-events.com\/\" target=\"_blank\" rel=\"noopener noreferrer\"><img decoding=\"async\" class=\"alignnone wp-image-2742 lazyload\" data-src=\"http:\/\/www.auxsons.com\/wp-content\/uploads\/2019\/05\/hit-the-road-logo-colored_hd-1-300x181.jpg\" alt width=\"168\" height=\"101\" data-srcset=\"https:\/\/www.auxsons.com\/wp-content\/uploads\/2019\/05\/hit-the-road-logo-colored_hd-1-300x181.jpg 300w, https:\/\/www.auxsons.com\/wp-content\/uploads\/2019\/05\/hit-the-road-logo-colored_hd-1-768x464.jpg 768w, https:\/\/www.auxsons.com\/wp-content\/uploads\/2019\/05\/hit-the-road-logo-colored_hd-1-1024x619.jpg 1024w, https:\/\/www.auxsons.com\/wp-content\/uploads\/2019\/05\/hit-the-road-logo-colored_hd-1.jpg 1920w\" data-sizes=\"(max-width: 168px) 100vw, 168px\" src=\"data:image\/svg+xml;base64,PHN2ZyB3aWR0aD0iMSIgaGVpZ2h0PSIxIiB4bWxucz0iaHR0cDovL3d3dy53My5vcmcvMjAwMC9zdmciPjwvc3ZnPg==\" style=\"--smush-placeholder-width: 168px; --smush-placeholder-aspect-ratio: 168\/101;\"><\/a>\n","protected":false},"excerpt":{"rendered":"<p>&nbsp;&nbsp; &nbsp; &nbsp;&nbsp; &nbsp; &nbsp; &nbsp; .&nbsp; . &nbsp;&nbsp; &nbsp; &nbsp; &nbsp;<\/p>\n","protected":false},"author":1,"featured_media":0,"parent":0,"menu_order":0,"comment_status":"closed","ping_status":"closed","template":"page-templates\/page-medias.php","meta":{"_acf_changed":false,"wp_typography_post_enhancements_disabled":false,"footnotes":""},"class_list":["post-4379","page","type-page","status-publish","hentry"],"acf":[],"yoast_head":"<!-- This site is optimized with the Yoast SEO plugin v27.4 - https:\/\/yoast.com\/product\/yoast-seo-wordpress\/ -->\n<title>Les M\u00e9dias \u00e0 suivre - #AuxSons<\/title>\n<meta name=\"description\" content=\"Les m\u00e9dias qui font vibrer les musiques actuelles du monde et les valeurs de la diversit\u00e9 culturelle.\" \/>\n<meta name=\"robots\" content=\"index, follow, max-snippet:-1, max-image-preview:large, max-video-preview:-1\" \/>\n<link rel=\"canonical\" href=\"https:\/\/www.auxsons.com\/en\/les-medias-a-suivre\/\" \/>\n<meta property=\"og:locale\" content=\"en_US\" \/>\n<meta property=\"og:type\" content=\"article\" \/>\n<meta property=\"og:title\" content=\"Les M\u00e9dias \u00e0 suivre - #AuxSons\" \/>\n<meta property=\"og:description\" content=\"Les m\u00e9dias qui font vibrer les musiques actuelles du monde et les valeurs de la diversit\u00e9 culturelle.\" \/>\n<meta property=\"og:url\" content=\"https:\/\/www.auxsons.com\/en\/les-medias-a-suivre\/\" \/>\n<meta property=\"og:site_name\" content=\"#AuxSons\" \/>\n<meta property=\"article:publisher\" content=\"https:\/\/www.facebook.com\/auxsons\/\" \/>\n<meta property=\"article:modified_time\" content=\"2019-09-23T16:34:10+00:00\" \/>\n<meta property=\"og:image\" content=\"https:\/\/auxsons.com\/wp-content\/uploads\/2019\/01\/pam-300x300.jpg\" \/>\n<meta name=\"twitter:card\" content=\"summary_large_image\" \/>\n<meta name=\"twitter:site\" content=\"@auxsons\" \/>\n<script type=\"application\/ld+json\" class=\"yoast-schema-graph\">{\"@context\":\"https:\\\/\\\/schema.org\",\"@graph\":[{\"@type\":\"WebPage\",\"@id\":\"https:\\\/\\\/www.auxsons.com\\\/en\\\/les-medias-a-suivre\\\/\",\"url\":\"https:\\\/\\\/www.auxsons.com\\\/en\\\/les-medias-a-suivre\\\/\",\"name\":\"Les M\u00e9dias \u00e0 suivre - #AuxSons\",\"isPartOf\":{\"@id\":\"https:\\\/\\\/www.auxsons.com\\\/en\\\/#website\"},\"primaryImageOfPage\":{\"@id\":\"https:\\\/\\\/www.auxsons.com\\\/en\\\/les-medias-a-suivre\\\/#primaryimage\"},\"image\":{\"@id\":\"https:\\\/\\\/www.auxsons.com\\\/en\\\/les-medias-a-suivre\\\/#primaryimage\"},\"thumbnailUrl\":\"https:\\\/\\\/auxsons.com\\\/wp-content\\\/uploads\\\/2019\\\/01\\\/pam-300x300.jpg\",\"datePublished\":\"2018-12-14T14:22:36+00:00\",\"dateModified\":\"2019-09-23T16:34:10+00:00\",\"description\":\"Les m\u00e9dias qui font vibrer les musiques actuelles du monde et les valeurs de la diversit\u00e9 culturelle.\",\"breadcrumb\":{\"@id\":\"https:\\\/\\\/www.auxsons.com\\\/en\\\/les-medias-a-suivre\\\/#breadcrumb\"},\"inLanguage\":\"en-US\",\"potentialAction\":[{\"@type\":\"ReadAction\",\"target\":[\"https:\\\/\\\/www.auxsons.com\\\/en\\\/les-medias-a-suivre\\\/\"]}]},{\"@type\":\"ImageObject\",\"inLanguage\":\"en-US\",\"@id\":\"https:\\\/\\\/www.auxsons.com\\\/en\\\/les-medias-a-suivre\\\/#primaryimage\",\"url\":\"https:\\\/\\\/auxsons.com\\\/wp-content\\\/uploads\\\/2019\\\/01\\\/pam-300x300.jpg\",\"contentUrl\":\"https:\\\/\\\/auxsons.com\\\/wp-content\\\/uploads\\\/2019\\\/01\\\/pam-300x300.jpg\"},{\"@type\":\"BreadcrumbList\",\"@id\":\"https:\\\/\\\/www.auxsons.com\\\/en\\\/les-medias-a-suivre\\\/#breadcrumb\",\"itemListElement\":[{\"@type\":\"ListItem\",\"position\":1,\"name\":\"Accueil\",\"item\":\"https:\\\/\\\/www.auxsons.com\\\/en\\\/\"},{\"@type\":\"ListItem\",\"position\":2,\"name\":\"Les M\u00e9dias \u00e0 suivre\"}]},{\"@type\":\"WebSite\",\"@id\":\"https:\\\/\\\/www.auxsons.com\\\/en\\\/#website\",\"url\":\"https:\\\/\\\/www.auxsons.com\\\/en\\\/\",\"name\":\"#AuxSons\",\"description\":\"Musiques &amp; Vibrations du Monde\",\"publisher\":{\"@id\":\"https:\\\/\\\/www.auxsons.com\\\/en\\\/#organization\"},\"potentialAction\":[{\"@type\":\"SearchAction\",\"target\":{\"@type\":\"EntryPoint\",\"urlTemplate\":\"https:\\\/\\\/www.auxsons.com\\\/en\\\/?s={search_term_string}\"},\"query-input\":{\"@type\":\"PropertyValueSpecification\",\"valueRequired\":true,\"valueName\":\"search_term_string\"}}],\"inLanguage\":\"en-US\"},{\"@type\":\"Organization\",\"@id\":\"https:\\\/\\\/www.auxsons.com\\\/en\\\/#organization\",\"name\":\"#AuxSons\",\"url\":\"https:\\\/\\\/www.auxsons.com\\\/en\\\/\",\"logo\":{\"@type\":\"ImageObject\",\"inLanguage\":\"en-US\",\"@id\":\"https:\\\/\\\/www.auxsons.com\\\/en\\\/#\\\/schema\\\/logo\\\/image\\\/\",\"url\":\"https:\\\/\\\/www.auxsons.com\\\/wp-content\\\/uploads\\\/2018\\\/10\\\/logo-aux-sons@2x.png\",\"contentUrl\":\"https:\\\/\\\/www.auxsons.com\\\/wp-content\\\/uploads\\\/2018\\\/10\\\/logo-aux-sons@2x.png\",\"width\":320,\"height\":192,\"caption\":\"#AuxSons\"},\"image\":{\"@id\":\"https:\\\/\\\/www.auxsons.com\\\/en\\\/#\\\/schema\\\/logo\\\/image\\\/\"},\"sameAs\":[\"https:\\\/\\\/www.facebook.com\\\/auxsons\\\/\",\"https:\\\/\\\/x.com\\\/auxsons\",\"https:\\\/\\\/www.instagram.com\\\/auxsons\\\/\",\"https:\\\/\\\/www.youtube.com\\\/channel\\\/UC_NjOjgZNHW-6MaXKWavFKQ\"]}]}<\/script>\n<!-- \/ Yoast SEO plugin. -->","yoast_head_json":{"title":"Les M\u00e9dias \u00e0 suivre - #AuxSons","description":"Les m\u00e9dias qui font vibrer les musiques actuelles du monde et les valeurs de la diversit\u00e9 culturelle.","robots":{"index":"index","follow":"follow","max-snippet":"max-snippet:-1","max-image-preview":"max-image-preview:large","max-video-preview":"max-video-preview:-1"},"canonical":"https:\/\/www.auxsons.com\/en\/les-medias-a-suivre\/","og_locale":"en_US","og_type":"article","og_title":"Les M\u00e9dias \u00e0 suivre - #AuxSons","og_description":"Les m\u00e9dias qui font vibrer les musiques actuelles du monde et les valeurs de la diversit\u00e9 culturelle.","og_url":"https:\/\/www.auxsons.com\/en\/les-medias-a-suivre\/","og_site_name":"#AuxSons","article_publisher":"https:\/\/www.facebook.com\/auxsons\/","article_modified_time":"2019-09-23T16:34:10+00:00","og_image":[{"url":"https:\/\/auxsons.com\/wp-content\/uploads\/2019\/01\/pam-300x300.jpg","type":"","width":"","height":""}],"twitter_card":"summary_large_image","twitter_site":"@auxsons","schema":{"@context":"https:\/\/schema.org","@graph":[{"@type":"WebPage","@id":"https:\/\/www.auxsons.com\/en\/les-medias-a-suivre\/","url":"https:\/\/www.auxsons.com\/en\/les-medias-a-suivre\/","name":"Les M\u00e9dias \u00e0 suivre - #AuxSons","isPartOf":{"@id":"https:\/\/www.auxsons.com\/en\/#website"},"primaryImageOfPage":{"@id":"https:\/\/www.auxsons.com\/en\/les-medias-a-suivre\/#primaryimage"},"image":{"@id":"https:\/\/www.auxsons.com\/en\/les-medias-a-suivre\/#primaryimage"},"thumbnailUrl":"https:\/\/auxsons.com\/wp-content\/uploads\/2019\/01\/pam-300x300.jpg","datePublished":"2018-12-14T14:22:36+00:00","dateModified":"2019-09-23T16:34:10+00:00","description":"Les m\u00e9dias qui font vibrer les musiques actuelles du monde et les valeurs de la diversit\u00e9 culturelle.","breadcrumb":{"@id":"https:\/\/www.auxsons.com\/en\/les-medias-a-suivre\/#breadcrumb"},"inLanguage":"en-US","potentialAction":[{"@type":"ReadAction","target":["https:\/\/www.auxsons.com\/en\/les-medias-a-suivre\/"]}]},{"@type":"ImageObject","inLanguage":"en-US","@id":"https:\/\/www.auxsons.com\/en\/les-medias-a-suivre\/#primaryimage","url":"https:\/\/auxsons.com\/wp-content\/uploads\/2019\/01\/pam-300x300.jpg","contentUrl":"https:\/\/auxsons.com\/wp-content\/uploads\/2019\/01\/pam-300x300.jpg"},{"@type":"BreadcrumbList","@id":"https:\/\/www.auxsons.com\/en\/les-medias-a-suivre\/#breadcrumb","itemListElement":[{"@type":"ListItem","position":1,"name":"Accueil","item":"https:\/\/www.auxsons.com\/en\/"},{"@type":"ListItem","position":2,"name":"Les M\u00e9dias \u00e0 suivre"}]},{"@type":"WebSite","@id":"https:\/\/www.auxsons.com\/en\/#website","url":"https:\/\/www.auxsons.com\/en\/","name":"#AuxSons","description":"Musiques &amp; Vibrations du Monde","publisher":{"@id":"https:\/\/www.auxsons.com\/en\/#organization"},"potentialAction":[{"@type":"SearchAction","target":{"@type":"EntryPoint","urlTemplate":"https:\/\/www.auxsons.com\/en\/?s={search_term_string}"},"query-input":{"@type":"PropertyValueSpecification","valueRequired":true,"valueName":"search_term_string"}}],"inLanguage":"en-US"},{"@type":"Organization","@id":"https:\/\/www.auxsons.com\/en\/#organization","name":"#AuxSons","url":"https:\/\/www.auxsons.com\/en\/","logo":{"@type":"ImageObject","inLanguage":"en-US","@id":"https:\/\/www.auxsons.com\/en\/#\/schema\/logo\/image\/","url":"https:\/\/www.auxsons.com\/wp-content\/uploads\/2018\/10\/logo-aux-sons@2x.png","contentUrl":"https:\/\/www.auxsons.com\/wp-content\/uploads\/2018\/10\/logo-aux-sons@2x.png","width":320,"height":192,"caption":"#AuxSons"},"image":{"@id":"https:\/\/www.auxsons.com\/en\/#\/schema\/logo\/image\/"},"sameAs":["https:\/\/www.facebook.com\/auxsons\/","https:\/\/x.com\/auxsons","https:\/\/www.instagram.com\/auxsons\/","https:\/\/www.youtube.com\/channel\/UC_NjOjgZNHW-6MaXKWavFKQ"]}]}},"_links":{"self":[{"href":"https:\/\/www.auxsons.com\/en\/wp-json\/wp\/v2\/pages\/4379","targetHints":{"allow":["GET"]}}],"collection":[{"href":"https:\/\/www.auxsons.com\/en\/wp-json\/wp\/v2\/pages"}],"about":[{"href":"https:\/\/www.auxsons.com\/en\/wp-json\/wp\/v2\/types\/page"}],"author":[{"embeddable":true,"href":"https:\/\/www.auxsons.com\/en\/wp-json\/wp\/v2\/users\/1"}],"replies":[{"embeddable":true,"href":"https:\/\/www.auxsons.com\/en\/wp-json\/wp\/v2\/comments?post=4379"}],"version-history":[{"count":0,"href":"https:\/\/www.auxsons.com\/en\/wp-json\/wp\/v2\/pages\/4379\/revisions"}],"wp:attachment":[{"href":"https:\/\/www.auxsons.com\/en\/wp-json\/wp\/v2\/media?parent=4379"}],"curies":[{"name":"wp","href":"https:\/\/api.w.org\/{rel}","templated":true}]}}