{"id":3,"date":"2018-10-11T14:23:32","date_gmt":"2018-10-11T12:23:32","guid":{"rendered":"http:\/\/auxsons.bayot.org\/?page_id=3"},"modified":"2022-12-20T10:49:27","modified_gmt":"2022-12-20T09:49:27","slug":"politique-de-confidentialite","status":"publish","type":"page","link":"https:\/\/www.auxsons.com\/en\/politique-de-confidentialite\/","title":{"rendered":"Politique de confidentialit\u00e9"},"content":{"rendered":"<h1><\/h1>\n<p>&nbsp;<\/p>\n<p>La consultation du site web auxsons\u200b.com suppose l\u2019acceptation des pr\u00e9sentes conditions d\u2019utilisation.<\/p>\n<h5><strong>Ce site web est la propri\u00e9t\u00e9 de l\u2019association Zone Franche, le r\u00e9seau des musiques du monde, situ\u00e9e&nbsp;:<\/strong><\/h5>\n<p>43, boulevard de Clichy - 75009 Paris \u2013 <span class=\"caps\">FRANCE<\/span><\/p>\n<p>Zone Franche est une association r\u00e9gie par la loi 1901 cr\u00e9\u00e9e en&nbsp;1990.<\/p>\n<p><span class=\"caps\">SIRET<\/span> 390 735 926&nbsp;00052<\/p>\n<p>Adresse e-mail&nbsp;: contact (@) zonefranche\u200b.com&nbsp; - T\u00e9l. : +33 (0) 9 70 93 02&nbsp;50<\/p>\n<p>Directrice de la publication : C\u00e9cile H\u00e9raudeau (Pr\u00e9sidente de l\u2019association)<\/p>\n<p>R\u00e9dacteur en chef : S\u00e9bastien Laussel (Directeur de l\u2019association)<\/p>\n<h5>Conception graphique du&nbsp;site&nbsp;:<\/h5>\n<p><a href=\"http:\/\/popcindyup.blogspot.com\/\">Cindy Lo<\/a><\/p>\n<h5>D\u00e9veloppement du&nbsp;site&nbsp;:<\/h5>\n<p><a href=\"https:\/\/www.bayot.net\/\">Charlie Bayot<\/a><\/p>\n<h5>Conception et gestion \u00e9ditoriale du&nbsp;site&nbsp;:<\/h5>\n<p>Zone Franche, le r\u00e9seau des musiques du&nbsp;monde<\/p>\n<h5>Photographies :<\/h5>\n<ul>\n<li>Pour toute illustration (photos, vid\u00e9os etc.), seule la responsabilit\u00e9 de celui qui les a publi\u00e9e est engag\u00e9e.<\/li>\n<\/ul>\n<h5>H\u00e9bergement :<\/h5>\n<p><strong>Infomaniak<\/strong><\/p>\n<p>https:\/\/\u200bwww\u200b.infomaniak\u200b.com\/fr<\/p>\n<p>&nbsp;<\/p>\n<h5>Donn\u00e9es personnelles :<\/h5>\n<p>Pour toute modification, rectification et suppression des donn\u00e9es vous concernant (la loi \u00ab&nbsp;Informatique et Libert\u00e9&nbsp;\u00bb article n\u00b034), envoyez-nous un e-mail \u00e0 l\u2019adresse suivante&nbsp;: team (@) auxsons\u200b.com<br>\nLes donn\u00e9es mises \u00e0 disposition dans le site sont publi\u00e9es dans le respect de la d\u00e9lib\u00e9ration de la <span class=\"caps\">CNIL<\/span> n\u00b0 2010-229 du 10 juin&nbsp;2010.<\/p>\n<h5>Propri\u00e9t\u00e9 intellectuelle :<\/h5>\n<p>L\u2019utilisation du site auxsons\u200b.com est restreinte \u00e0 un usage personnel, les donn\u00e9es partag\u00e9es ne sauraient faire l\u2019objet d\u2019aucune exploitation commerciale.<\/p>\n<p>Tous les droits de reproduction sont r\u00e9serv\u00e9s.<\/p>\n<p>Les informations contenues sur le site (textes, photos, vid\u00e9os etc.) sont publi\u00e9es sous l\u2019exclusive responsabilit\u00e9 de ceux qui les auront publi\u00e9es. L\u2019association mod\u00e9rera a posteriori toutes les informations publi\u00e9es et se r\u00e9serve le droit de modifier ou supprimer toute information.<\/p>\n<p>D\u2019une fa\u00e7on g\u00e9n\u00e9rale, les liens hypertextes du site auxsons\u200b.com ne sauraient engager la responsabilit\u00e9 de l\u2019association Zone Franche, celle-ci n\u2019exer\u00e7ant aucun contr\u00f4le sur le contenu de ces&nbsp;sites.<\/p>\n<h5>Autres informations :<\/h5>\n<p>L\u2019association Zone Franche fera ses meilleurs efforts pour rendre le Site web accessible 24 heures sur 24 et 7 jours sur 7, mais ne saurait en aucun cas engager sa responsabilit\u00e9 du fait d\u2019\u00e9ventuelles difficult\u00e9s d\u2019acc\u00e8s \u00e0 son Site&nbsp;web.<\/p>\n<p>L\u2019\u00e9diteur pourra \u00e0 tout moment suspendre, interrompre, limiter, r\u00e9server l\u2019acc\u00e8s au site \u00e0 tous ou \u00e0 une ou plusieurs cat\u00e9gories d\u2019internautes&nbsp;; supprimer toute information pouvant en perturber le fonctionnement ou entrant en infraction avec les r\u00e8glementations nationales et internationales.<\/p>\n<p>La structure g\u00e9n\u00e9rale, ainsi que les logiciels, textes, images anim\u00e9es ou fixes, sons, savoir-faire, dessins, graphismes et tout autre \u00e9l\u00e9ment composant l\u2019habillage du site web, sont la propri\u00e9t\u00e9 exclusive de Zone Franche.<\/p>\n<p>Toute repr\u00e9sentation totale ou partielle de ce site web par quelque proc\u00e9d\u00e9 que ce soit, sans l\u2019autorisation expresse de l\u2019association Zone Franche, est interdite et constituerait une contrefa\u00e7on sanctionn\u00e9e par les articles L.335-2 et suivants du Code de la propri\u00e9t\u00e9 intellectuelle.<\/p>\n<p>Il en est de m\u00eame des \u00e9ventuelles bases de donn\u00e9es associ\u00e9es sur le Site web, qui sont prot\u00e9g\u00e9es par les dispositions de la loi du 1er juillet 1998 relative \u00e0 la protection juridique des bases de donn\u00e9es et dont l\u2019association Zone Franche est productrice.<\/p>\n<p>L\u2019association Zone Franche invite les Utilisateurs du Site web \u00e0 faire part d\u2019\u00e9ventuelles omissions, erreurs, ou corrections, en adressant un e-mail \u00e0 l\u2019adresse suivante : team (at) auxsons\u200b.com<\/p>\n<h5>Confidentialit\u00e9 :<\/h5>\n<p>Les donn\u00e9es personnelles confidentielles que vous nous indiquez lorsque vous utilisez le Site web sont exclusivement destin\u00e9es \u00e0 la gestion de votre dossier et\/ou \u00e0 votre utilisation du site. Elles ne sont \u00e0 aucun moment destin\u00e9es \u00e0 \u00eatre vendues, commercialis\u00e9es ou lou\u00e9es \u00e0 des&nbsp;tiers.<\/p>\n<h5>Gestion des cookies&nbsp;:<\/h5>\n<p>Ce site internet dispose d\u2019un outil statistique&nbsp;(<a href=\"http:\/\/www.google.fr\/intl\/fr\/analytics\/\" target=\"_blank\" rel=\"noopener noreferrer\">Google analytics<\/a>) qui permet de savoir quel mot-cl\u00e9 vous avez tap\u00e9 pour arriver ici, ou bien de quel site vous venez.&nbsp;Le site contient un certain nombre de liens hypertextes vers d\u2019autres sites et la navigation sur le site&nbsp;est susceptible de provoquer l\u2019installation de&nbsp;<a href=\"http:\/\/fr.wikipedia.org\/wiki\/Cookie_(informatique)\" target=\"_blank\" rel=\"noopener noreferrer\">cookies<\/a>&nbsp;sur l\u2019ordinateur de l\u2019utilisateur. Un cookie est un fichier de petite taille, qui ne permet pas l\u2019identification de l\u2019utilisateur, mais qui enregistre des informations relatives \u00e0 la navigation d\u2019un ordinateur sur un site. Les donn\u00e9es ainsi obtenues visent \u00e0 faciliter la navigation ult\u00e9rieure sur le site, et ont \u00e9galement vocation \u00e0 permettre diverses mesures de fr\u00e9quentation.<\/p>\n<p>Le refus d\u2019installation d\u2019un cookie peut entra\u00eener l\u2019impossibilit\u00e9 d\u2019acc\u00e9der \u00e0 certains services. L\u2019utilisateur peut toutefois configurer son ordinateur de la mani\u00e8re suivante, <strong>pour refuser l\u2019installation des cookies<\/strong> :<\/p>\n<ul>\n<li>Sous Internet Explorer : onglet outils \/ options internet. Cliquez sur Confidentialit\u00e9 et choisissez Bloquer tous les cookies. Validez sur&nbsp;Ok.<\/li>\n<li>Sous Google Chrome : cl\u00e9 \u00e0 molette en haut \u00e0 droite \/ options \/ options avanc\u00e9es \/ param\u00e8tres de contenu \/ autoriser le stockage des donn\u00e9es locales.<\/li>\n<li>Sous Firefox : onglet outils \/ vie priv\u00e9e \/ accepter les cookies . Cliquer sur&nbsp;Ok.<\/li>\n<\/ul>\n","protected":false},"excerpt":{"rendered":"<p>&nbsp; La consultation du site web auxsons\u200b.com suppose l\u2019acceptation des pr\u00e9sentes conditions d\u2019utilisation. Ce site web est la propri\u00e9t\u00e9 de l\u2019association Zone Franche, le r\u00e9seau des musiques du monde, situ\u00e9e&nbsp;: 43, boulevard de Clichy - 75009 Paris \u2013 <span class=\"caps\">FRANCE<\/span> Zone Franche est une association r\u00e9gie par la loi 1901 cr\u00e9\u00e9e en&nbsp;1990. <span class=\"caps\">SIRET<\/span> 390 735 926&nbsp;00052<\/p>\n","protected":false},"author":1,"featured_media":0,"parent":0,"menu_order":0,"comment_status":"closed","ping_status":"closed","template":"","meta":{"_acf_changed":false,"wp_typography_post_enhancements_disabled":false,"footnotes":""},"class_list":["post-3","page","type-page","status-publish","hentry"],"acf":[],"yoast_head":"<!-- This site is optimized with the Yoast SEO plugin v27.5 - https:\/\/yoast.com\/product\/yoast-seo-wordpress\/ -->\n<title>Politique de confidentialit\u00e9 - #AuxSons<\/title>\n<meta name=\"description\" content=\"&nbsp; La consultation du site web auxsons.com suppose l\u2019acceptation des pr\u00e9sentes conditions d\u2019utilisation. Ce site web est la propri\u00e9t\u00e9 de l\u2019association\" \/>\n<meta name=\"robots\" content=\"index, follow, max-snippet:-1, max-image-preview:large, max-video-preview:-1\" \/>\n<link rel=\"canonical\" href=\"https:\/\/www.auxsons.com\/en\/politique-de-confidentialite\/\" \/>\n<meta property=\"og:locale\" content=\"en_US\" \/>\n<meta property=\"og:type\" content=\"article\" \/>\n<meta property=\"og:title\" content=\"Politique de confidentialit\u00e9 - #AuxSons\" \/>\n<meta property=\"og:description\" content=\"&nbsp; La consultation du site web auxsons.com suppose l\u2019acceptation des pr\u00e9sentes conditions d\u2019utilisation. Ce site web est la propri\u00e9t\u00e9 de l\u2019association\" \/>\n<meta property=\"og:url\" content=\"https:\/\/www.auxsons.com\/en\/politique-de-confidentialite\/\" \/>\n<meta property=\"og:site_name\" content=\"#AuxSons\" \/>\n<meta property=\"article:publisher\" content=\"https:\/\/www.facebook.com\/auxsons\/\" \/>\n<meta property=\"article:modified_time\" content=\"2022-12-20T09:49:27+00:00\" \/>\n<meta property=\"og:image\" content=\"https:\/\/www.auxsons.com\/wp-content\/uploads\/2019\/02\/facebook_cover.jpg\" \/>\n\t<meta property=\"og:image:width\" content=\"1240\" \/>\n\t<meta property=\"og:image:height\" content=\"1009\" \/>\n\t<meta property=\"og:image:type\" content=\"image\/jpeg\" \/>\n<meta name=\"twitter:card\" content=\"summary_large_image\" \/>\n<meta name=\"twitter:site\" content=\"@auxsons\" \/>\n<meta name=\"twitter:label1\" content=\"Est. reading time\" \/>\n\t<meta name=\"twitter:data1\" content=\"4 minutes\" \/>\n<script type=\"application\/ld+json\" class=\"yoast-schema-graph\">{\"@context\":\"https:\\\/\\\/schema.org\",\"@graph\":[{\"@type\":\"WebPage\",\"@id\":\"https:\\\/\\\/www.auxsons.com\\\/en\\\/politique-de-confidentialite\\\/\",\"url\":\"https:\\\/\\\/www.auxsons.com\\\/en\\\/politique-de-confidentialite\\\/\",\"name\":\"Politique de confidentialit\u00e9 - #AuxSons\",\"isPartOf\":{\"@id\":\"https:\\\/\\\/www.auxsons.com\\\/en\\\/#website\"},\"datePublished\":\"2018-10-11T12:23:32+00:00\",\"dateModified\":\"2022-12-20T09:49:27+00:00\",\"description\":\"&nbsp; La consultation du site web auxsons.com suppose l\u2019acceptation des pr\u00e9sentes conditions d\u2019utilisation. Ce site web est la propri\u00e9t\u00e9 de l\u2019association\",\"breadcrumb\":{\"@id\":\"https:\\\/\\\/www.auxsons.com\\\/en\\\/politique-de-confidentialite\\\/#breadcrumb\"},\"inLanguage\":\"en-US\",\"potentialAction\":[{\"@type\":\"ReadAction\",\"target\":[\"https:\\\/\\\/www.auxsons.com\\\/en\\\/politique-de-confidentialite\\\/\"]}]},{\"@type\":\"BreadcrumbList\",\"@id\":\"https:\\\/\\\/www.auxsons.com\\\/en\\\/politique-de-confidentialite\\\/#breadcrumb\",\"itemListElement\":[{\"@type\":\"ListItem\",\"position\":1,\"name\":\"Accueil\",\"item\":\"https:\\\/\\\/www.auxsons.com\\\/en\\\/\"},{\"@type\":\"ListItem\",\"position\":2,\"name\":\"Politique de confidentialit\u00e9\"}]},{\"@type\":\"WebSite\",\"@id\":\"https:\\\/\\\/www.auxsons.com\\\/en\\\/#website\",\"url\":\"https:\\\/\\\/www.auxsons.com\\\/en\\\/\",\"name\":\"#AuxSons\",\"description\":\"Musiques &amp; Vibrations du Monde\",\"publisher\":{\"@id\":\"https:\\\/\\\/www.auxsons.com\\\/en\\\/#organization\"},\"potentialAction\":[{\"@type\":\"SearchAction\",\"target\":{\"@type\":\"EntryPoint\",\"urlTemplate\":\"https:\\\/\\\/www.auxsons.com\\\/en\\\/?s={search_term_string}\"},\"query-input\":{\"@type\":\"PropertyValueSpecification\",\"valueRequired\":true,\"valueName\":\"search_term_string\"}}],\"inLanguage\":\"en-US\"},{\"@type\":\"Organization\",\"@id\":\"https:\\\/\\\/www.auxsons.com\\\/en\\\/#organization\",\"name\":\"#AuxSons\",\"url\":\"https:\\\/\\\/www.auxsons.com\\\/en\\\/\",\"logo\":{\"@type\":\"ImageObject\",\"inLanguage\":\"en-US\",\"@id\":\"https:\\\/\\\/www.auxsons.com\\\/en\\\/#\\\/schema\\\/logo\\\/image\\\/\",\"url\":\"https:\\\/\\\/www.auxsons.com\\\/wp-content\\\/uploads\\\/2018\\\/10\\\/logo-aux-sons@2x.png\",\"contentUrl\":\"https:\\\/\\\/www.auxsons.com\\\/wp-content\\\/uploads\\\/2018\\\/10\\\/logo-aux-sons@2x.png\",\"width\":320,\"height\":192,\"caption\":\"#AuxSons\"},\"image\":{\"@id\":\"https:\\\/\\\/www.auxsons.com\\\/en\\\/#\\\/schema\\\/logo\\\/image\\\/\"},\"sameAs\":[\"https:\\\/\\\/www.facebook.com\\\/auxsons\\\/\",\"https:\\\/\\\/x.com\\\/auxsons\",\"https:\\\/\\\/www.instagram.com\\\/auxsons\\\/\",\"https:\\\/\\\/www.youtube.com\\\/channel\\\/UC_NjOjgZNHW-6MaXKWavFKQ\"]}]}<\/script>\n<!-- \/ Yoast SEO plugin. -->","yoast_head_json":{"title":"Politique de confidentialit\u00e9 - #AuxSons","description":"&nbsp; La consultation du site web auxsons.com suppose l\u2019acceptation des pr\u00e9sentes conditions d\u2019utilisation. Ce site web est la propri\u00e9t\u00e9 de l\u2019association","robots":{"index":"index","follow":"follow","max-snippet":"max-snippet:-1","max-image-preview":"max-image-preview:large","max-video-preview":"max-video-preview:-1"},"canonical":"https:\/\/www.auxsons.com\/en\/politique-de-confidentialite\/","og_locale":"en_US","og_type":"article","og_title":"Politique de confidentialit\u00e9 - #AuxSons","og_description":"&nbsp; La consultation du site web auxsons.com suppose l\u2019acceptation des pr\u00e9sentes conditions d\u2019utilisation. Ce site web est la propri\u00e9t\u00e9 de l\u2019association","og_url":"https:\/\/www.auxsons.com\/en\/politique-de-confidentialite\/","og_site_name":"#AuxSons","article_publisher":"https:\/\/www.facebook.com\/auxsons\/","article_modified_time":"2022-12-20T09:49:27+00:00","og_image":[{"width":1240,"height":1009,"url":"https:\/\/www.auxsons.com\/wp-content\/uploads\/2019\/02\/facebook_cover.jpg","type":"image\/jpeg"}],"twitter_card":"summary_large_image","twitter_site":"@auxsons","twitter_misc":{"Est. reading time":"4 minutes"},"schema":{"@context":"https:\/\/schema.org","@graph":[{"@type":"WebPage","@id":"https:\/\/www.auxsons.com\/en\/politique-de-confidentialite\/","url":"https:\/\/www.auxsons.com\/en\/politique-de-confidentialite\/","name":"Politique de confidentialit\u00e9 - #AuxSons","isPartOf":{"@id":"https:\/\/www.auxsons.com\/en\/#website"},"datePublished":"2018-10-11T12:23:32+00:00","dateModified":"2022-12-20T09:49:27+00:00","description":"&nbsp; La consultation du site web auxsons.com suppose l\u2019acceptation des pr\u00e9sentes conditions d\u2019utilisation. Ce site web est la propri\u00e9t\u00e9 de l\u2019association","breadcrumb":{"@id":"https:\/\/www.auxsons.com\/en\/politique-de-confidentialite\/#breadcrumb"},"inLanguage":"en-US","potentialAction":[{"@type":"ReadAction","target":["https:\/\/www.auxsons.com\/en\/politique-de-confidentialite\/"]}]},{"@type":"BreadcrumbList","@id":"https:\/\/www.auxsons.com\/en\/politique-de-confidentialite\/#breadcrumb","itemListElement":[{"@type":"ListItem","position":1,"name":"Accueil","item":"https:\/\/www.auxsons.com\/en\/"},{"@type":"ListItem","position":2,"name":"Politique de confidentialit\u00e9"}]},{"@type":"WebSite","@id":"https:\/\/www.auxsons.com\/en\/#website","url":"https:\/\/www.auxsons.com\/en\/","name":"#AuxSons","description":"Musiques &amp; Vibrations du Monde","publisher":{"@id":"https:\/\/www.auxsons.com\/en\/#organization"},"potentialAction":[{"@type":"SearchAction","target":{"@type":"EntryPoint","urlTemplate":"https:\/\/www.auxsons.com\/en\/?s={search_term_string}"},"query-input":{"@type":"PropertyValueSpecification","valueRequired":true,"valueName":"search_term_string"}}],"inLanguage":"en-US"},{"@type":"Organization","@id":"https:\/\/www.auxsons.com\/en\/#organization","name":"#AuxSons","url":"https:\/\/www.auxsons.com\/en\/","logo":{"@type":"ImageObject","inLanguage":"en-US","@id":"https:\/\/www.auxsons.com\/en\/#\/schema\/logo\/image\/","url":"https:\/\/www.auxsons.com\/wp-content\/uploads\/2018\/10\/logo-aux-sons@2x.png","contentUrl":"https:\/\/www.auxsons.com\/wp-content\/uploads\/2018\/10\/logo-aux-sons@2x.png","width":320,"height":192,"caption":"#AuxSons"},"image":{"@id":"https:\/\/www.auxsons.com\/en\/#\/schema\/logo\/image\/"},"sameAs":["https:\/\/www.facebook.com\/auxsons\/","https:\/\/x.com\/auxsons","https:\/\/www.instagram.com\/auxsons\/","https:\/\/www.youtube.com\/channel\/UC_NjOjgZNHW-6MaXKWavFKQ"]}]}},"_links":{"self":[{"href":"https:\/\/www.auxsons.com\/en\/wp-json\/wp\/v2\/pages\/3","targetHints":{"allow":["GET"]}}],"collection":[{"href":"https:\/\/www.auxsons.com\/en\/wp-json\/wp\/v2\/pages"}],"about":[{"href":"https:\/\/www.auxsons.com\/en\/wp-json\/wp\/v2\/types\/page"}],"author":[{"embeddable":true,"href":"https:\/\/www.auxsons.com\/en\/wp-json\/wp\/v2\/users\/1"}],"replies":[{"embeddable":true,"href":"https:\/\/www.auxsons.com\/en\/wp-json\/wp\/v2\/comments?post=3"}],"version-history":[{"count":0,"href":"https:\/\/www.auxsons.com\/en\/wp-json\/wp\/v2\/pages\/3\/revisions"}],"wp:attachment":[{"href":"https:\/\/www.auxsons.com\/en\/wp-json\/wp\/v2\/media?parent=3"}],"curies":[{"name":"wp","href":"https:\/\/api.w.org\/{rel}","templated":true}]}}